{"id":2089,"date":"2024-09-03T14:49:23","date_gmt":"2024-09-03T14:49:23","guid":{"rendered":"https:\/\/martindesorsyn.it\/cookie-policy\/"},"modified":"2025-06-26T15:48:09","modified_gmt":"2025-06-26T15:48:09","slug":"politique-en-matiere-de-cookies","status":"publish","type":"page","link":"https:\/\/martindesorsyn.it\/fr\/politique-en-matiere-de-cookies\/","title":{"rendered":"Politique en mati\u00e8re de cookies"},"content":{"rendered":"\n<p><\/p>\n\n\n\n<p><strong>Cookie Policy<\/strong><\/p>\n\n\n\n<p>Note d\u2019information d\u00e9taill\u00e9e<\/p>\n\n\n\n<p>Hausbrandt Trieste 1892 S.p.A., dont le si\u00e8ge social est situ\u00e9 en Via Foscarini 52 \u00e0 Nervesa della Battaglia (TV), Italie, en tant que responsable du traitement de vos donn\u00e9es personnelles (ci-apr\u00e8s \u00ab Responsable \u00bb), d\u00e9livre cette note d\u2019information dans le respect de la r\u00e9glementation europ\u00e9enne et italienne en mati\u00e8re de protection des donn\u00e9es personnelles, afin de vous faire conna\u00eetre les finalit\u00e9s et les modalit\u00e9s du traitement des donn\u00e9es personnelles que vous pourriez communiquer lors de la navigation sur ce site web (ci-apr\u00e8s \u00ab Site \u00bb).<\/p>\n\n\n\n<p>Veuillez noter que la pr\u00e9sente note d\u2019information concerne uniquement le Site et non les sites web de tiers, auxquels l\u2019utilisateur peut \u00e9ventuellement acc\u00e9der par des liens qui y figurent.<\/p>\n\n\n\n<p>Le Responsable du traitement a nomm\u00e9 un d\u00e9l\u00e9gu\u00e9 \u00e0 la protection des donn\u00e9es (DPO), que vous pouvez contacter en \u00e9crivant \u00e0 l\u2019adresse suivante :&nbsp;<a href=\"mailto:dpo@hausbrandt.it\">dpo@hausbrandt.it<\/a>. Au cours de la note d\u2019information suivante, l\u2019utilisation du terme cookie doit \u00e9galement \u00eatre consid\u00e9r\u00e9e comme \u00e9tendue aux \u00e9ventuels outils de suivi utilis\u00e9s par le Site.<\/p>\n\n\n\n<p>Cette note d\u2019information fait partie int\u00e9grante de la politique de confidentialit\u00e9 du site.  <a href=\"https:\/\/www.hausbrandt.it\/fr\/politique-de-confidentialite\/\">https:\/\/www.hausbrandt.it\/fr\/politique-de-confidentialite\/<\/a>.<\/p>\n\n\n\n<p>Les Cookies : qu\u2019est-ce que c\u2019est ?<\/p>\n\n\n\n<p>Un cookie est un petit fichier qui est envoy\u00e9 \u00e0 votre navigateur et enregistr\u00e9 sur votre appareil lorsque vous visitez un site web tel que ce site. Les cookies permettent un fonctionnement efficace du Site et en am\u00e9liorent les performances, ils fournissent des informations au propri\u00e9taire du Site \u00e0 des fins statistiques ou publicitaires, principalement pour personnaliser votre exp\u00e9rience de navigation en se souvenant de vos pr\u00e9f\u00e9rences.<\/p>\n\n\n\n<p>Les cookies sont g\u00e9n\u00e9ralement attribuables \u00e0 deux macro cat\u00e9gories&nbsp;:<\/p>\n\n\n\n<ol style=\"list-style-type:lower-alpha\" class=\"wp-block-list\">\n<li>les cookies techniques, utilis\u00e9s dans le seul but d\u2019effectuer la transmission d\u2019une communication sur un r\u00e9seau de communication \u00e9lectronique, ou dans la mesure strictement n\u00e9cessaire au fournisseur d\u2019un service de la soci\u00e9t\u00e9 de l\u2019information express\u00e9ment demand\u00e9 par le contractant ou par l\u2019utilisateur pour fournir ce service&nbsp;; les cookies analytiques, utilis\u00e9s \u00e0 des fins statistiques, sont assimil\u00e9s aux cookies techniques lorsque, sous certaines conditions, ils sont utilis\u00e9s pour produire des statistiques agr\u00e9g\u00e9es relatives \u00e0 un seul site ou \u00e0 une seule application mobile n\u00e9cessitant, \u00e0 d\u00e9faut, le consentement de l\u2019utilisateur pour son utilisation&nbsp;;<\/li>\n\n\n\n<li>les cookies de profilage, destin\u00e9s \u00e0 associer des actions sp\u00e9cifiques ou des sch\u00e9mas comportementaux de l\u2019utilisateur r\u00e9currents dans l\u2019utilisation des fonctionnalit\u00e9s offertes afin de cr\u00e9er un profil sp\u00e9cifique \u00e0 utiliser pour fournir un service de plus en plus personnalis\u00e9, ainsi que pour envoyer des messages publicitaires en ligne avec les pr\u00e9f\u00e9rences exprim\u00e9es par l\u2019utilisateur dans le cadre de la navigation sur le r\u00e9seau.<\/li>\n<\/ol>\n\n\n\n<p>En outre, tous les cookies peuvent \u00e9galement \u00eatre catalogu\u00e9s comme&nbsp;:<\/p>\n\n\n\n<ol style=\"list-style-type:lower-alpha\" class=\"wp-block-list\">\n<li>Cookies de session, s\u2019ils sont supprim\u00e9s \u00e0 la fermeture du navigateur, ou<\/li>\n\n\n\n<li>Cookies persistants, s\u2019ils restent dans le navigateur pendant une certaine p\u00e9riode.<\/li>\n<\/ol>\n\n\n\n<p>Des objectifs similaires peuvent \u00e9galement \u00eatre poursuivis par d\u2019autres outils de suivi, qui \u2013 comme les cookies \u2013 peuvent \u00eatre divis\u00e9s entre des outils de nature technique et non technique (g\u00e9n\u00e9ralement de nature commerciale ou promotionnelle).<\/p>\n\n\n\n<p>Les cookies utilis\u00e9s sur notre site<\/p>\n\n\n\n<p>Notre site Web utilise les types de cookie suivants :<\/p>\n\n\n\n<script id=\"CookieDeclaration\" src=\"https:\/\/consent.cookiebot.com\/851c68ab-7902-4b59-aa12-31f567807e54\/cd.js\" type=\"text\/javascript\" async><\/script>\n\n\n\n<div style=\"height:24px\" aria-hidden=\"true\" class=\"wp-block-spacer\"><\/div>\n\n\n\n<ol style=\"list-style-type:lower-alpha\" class=\"wp-block-list\">\n<li><strong><u>Autres outils sociaux<\/u><\/strong><\/li>\n<\/ol>\n\n\n\n<p>Sur le Site, il y a aussi des plugins et des boutons sociaux qui vous permettent d\u2019atteindre \u2013 par un \u00ab&nbsp;clic&nbsp;\u00bb sur l\u2019ic\u00f4ne \u2013 les r\u00e9seaux sociaux correspondants et de partager du contenu ou de recommander des produits du Site sur les r\u00e9seaux sociaux. Les r\u00e9seaux sociaux peuvent collecter des donn\u00e9es relatives \u00e0 votre visite sur le Site. En particulier, pour le plugin Facebook, le Responsable du traitement et Facebook Ireland Ltd, 4 Grand Canal Square, Grand Canal Harbour, Dublin 2, Irlande, agissent en qualit\u00e9 de coresponsables du traitement. Vous pouvez consulter la politique de confidentialit\u00e9 de Facebook \u00e0 l\u2019adresse suivante&nbsp;:&nbsp;<a href=\"https:\/\/www.facebook.com\/privacy\/explanation\">https:\/\/www.facebook.com\/privacy\/explanation<\/a>. Vous pouvez nous \u00e9crire pour conna\u00eetre le contenu essentiel de l\u2019accord de coresponsabilit\u00e9.<\/p>\n\n\n\n<p><strong>Nature de la communication des donn\u00e9es et cons\u00e9quences en cas de refus<\/strong><\/p>\n\n\n\n<p>Les cookies techniques utilis\u00e9s par le Responsable sont n\u00e9cessaires \u00e0 la consultation du Site et de ses services et, par cons\u00e9quent, leur installation et leur utilisation ne n\u00e9cessitent pas votre consentement pr\u00e9alable. Vous pouvez g\u00e9rer et d\u00e9sactiver les cookies techniques par les options de votre navigateur indiqu\u00e9es dans la section suivante.<\/p>\n\n\n\n<p>Les cookies de profilage sont install\u00e9s et utilis\u00e9s par le Responsable uniquement si vous avez donn\u00e9 votre consentement. Vous pouvez \u00e0 tout moment modifier vos pr\u00e9f\u00e9rences par les options de votre navigateur indiqu\u00e9es dans la section suivante ou directement sur le panneau de gestion disponible sur cette page web.<\/p>\n\n\n\n<p>La d\u00e9sactivation des cookies techniques n\u2019emp\u00eache pas votre consultation du Site, mais pourrait entra\u00eener le non-fonctionnement, ou en tout \u00e9tat de cause un fonctionnement incorrect, de certaines parties ou de certains services du Site. Le refus ou la d\u00e9sactivation des cookies de profilage n\u2019emp\u00eache pas la consultation du Site et l\u2019acc\u00e8s aux services correspondants.<\/p>\n\n\n\n<p><strong>Activation et d\u00e9sactivation des cookies par le navigateur<\/strong><\/p>\n\n\n\n<p>La plupart des navigateurs sont configur\u00e9s pour accepter, contr\u00f4ler ou \u00e9ventuellement d\u00e9sactiver les cookies via les param\u00e8tres. Cependant, nous vous rappelons que la d\u00e9sactivation des cookies de navigation ou des cookies fonctionnels peut entra\u00eener un fonctionnement insatisfaisant du site et\/ou limiter le service que nous offrons.<\/p>\n\n\n\n<p>Ci-dessous le parcours \u00e0 suivre pour g\u00e9rer les cookies \u00e0 partir des navigateurs suivants&nbsp;:<\/p>\n\n\n\n<p>Internet Explorer: <a><\/a><a href=\"https:\/\/support.microsoft.com\/it-it\/windows\/eliminare-e-gestire-i-cookie-168dab11-0753-043d-7c16-ede5947fc64d\">https:\/\/support.microsoft.com\/it-it\/windows\/eliminare-e-gestire-i-cookie-168dab11-0753-043d-7c16-ede5947fc64d<\/a><\/p>\n\n\n\n<p>Safari: <a href=\"https:\/\/support.apple.com\/it-it\/guide\/safari\/sfri11471\/mac\">https:\/\/support.apple.com\/it-it\/guide\/safari\/sfri11471\/mac<\/a><\/p>\n\n\n\n<p>Chrome: <a href=\"https:\/\/support.google.com\/chrome\/answer\/95647?hl=it-IT&amp;hlrm=fr&amp;hlrm=en\">https:\/\/support.google.com\/chrome\/answer\/95647?hl=it-IT&amp;hlrm=fr&amp;hlrm=en<\/a><\/p>\n\n\n\n<p>Microsoft Edge: <a href=\"https:\/\/support.microsoft.com\/it-it\/help\/4468242\/microsoft-edge-browsing-data-and-privacy-microsoft-privacy\">https:\/\/support.microsoft.com\/it-it\/help\/4468242\/microsoft-edge-browsing-data-and-privacy-microsoft-privacy<\/a><\/p>\n\n\n\n<p>Firefox: <a href=\"https:\/\/support.mozilla.org\/it\/kb\/Gestione%20dei%20cookie\">https:\/\/support.mozilla.org\/it\/kb\/Gestione%20dei%20cookie<\/a><\/p>\n","protected":false},"excerpt":{"rendered":"<p>Cookie Policy Note d\u2019information d\u00e9taill\u00e9e Hausbrandt Trieste 1892 S.p.A., dont le si\u00e8ge social est situ\u00e9 en Via Foscarini 52 \u00e0 [&hellip;]<\/p>\n","protected":false},"author":2,"featured_media":0,"parent":0,"menu_order":0,"comment_status":"closed","ping_status":"closed","template":"template-policy.php","meta":{"_acf_changed":false,"_seopress_robots_primary_cat":"","_seopress_titles_title":"Cookies et Protection des Donn\u00e9es sur Hausbrandt","_seopress_titles_desc":"Comprenez comment nous utilisons les cookies pour optimiser votre exp\u00e9rience sur notre site et respecter la r\u00e9glementation europ\u00e9enne sur la protection des donn\u00e9es.","_seopress_robots_index":"","inline_featured_image":false,"footnotes":""},"class_list":["post-2089","page","type-page","status-publish","hentry"],"acf":[],"_links":{"self":[{"href":"https:\/\/martindesorsyn.it\/fr\/wp-json\/wp\/v2\/pages\/2089","targetHints":{"allow":["GET"]}}],"collection":[{"href":"https:\/\/martindesorsyn.it\/fr\/wp-json\/wp\/v2\/pages"}],"about":[{"href":"https:\/\/martindesorsyn.it\/fr\/wp-json\/wp\/v2\/types\/page"}],"author":[{"embeddable":true,"href":"https:\/\/martindesorsyn.it\/fr\/wp-json\/wp\/v2\/users\/2"}],"replies":[{"embeddable":true,"href":"https:\/\/martindesorsyn.it\/fr\/wp-json\/wp\/v2\/comments?post=2089"}],"version-history":[{"count":4,"href":"https:\/\/martindesorsyn.it\/fr\/wp-json\/wp\/v2\/pages\/2089\/revisions"}],"predecessor-version":[{"id":2348,"href":"https:\/\/martindesorsyn.it\/fr\/wp-json\/wp\/v2\/pages\/2089\/revisions\/2348"}],"wp:attachment":[{"href":"https:\/\/martindesorsyn.it\/fr\/wp-json\/wp\/v2\/media?parent=2089"}],"curies":[{"name":"wp","href":"https:\/\/api.w.org\/{rel}","templated":true}]}}