{"id":1853,"date":"2024-08-09T09:40:45","date_gmt":"2024-08-09T09:40:45","guid":{"rendered":"https:\/\/martindesorsyn.it\/gli-champagne\/"},"modified":"2025-03-17T09:06:52","modified_gmt":"2025-03-17T09:06:52","slug":"nos-champagnes","status":"publish","type":"page","link":"https:\/\/martindesorsyn.it\/fr\/nos-champagnes\/","title":{"rendered":"Champagne"},"content":{"rendered":"","protected":false},"excerpt":{"rendered":"","protected":false},"author":2,"featured_media":120,"parent":0,"menu_order":0,"comment_status":"closed","ping_status":"closed","template":"templates\/template-champagne.php","meta":{"_acf_changed":false,"_seopress_robots_primary_cat":"","_seopress_titles_title":"D\u00e9couvrez Nos Champagnes | Martin Desorsyn","_seopress_titles_desc":"Explorez notre s\u00e9lection de champagnes uniques chez Martin de Sorsyn pour une exp\u00e9rience p\u00e9tillante et inoubliable.","_seopress_robots_index":"","inline_featured_image":false,"footnotes":""},"class_list":["post-1853","page","type-page","status-publish","has-post-thumbnail","hentry"],"acf":[],"_links":{"self":[{"href":"https:\/\/martindesorsyn.it\/fr\/wp-json\/wp\/v2\/pages\/1853","targetHints":{"allow":["GET"]}}],"collection":[{"href":"https:\/\/martindesorsyn.it\/fr\/wp-json\/wp\/v2\/pages"}],"about":[{"href":"https:\/\/martindesorsyn.it\/fr\/wp-json\/wp\/v2\/types\/page"}],"author":[{"embeddable":true,"href":"https:\/\/martindesorsyn.it\/fr\/wp-json\/wp\/v2\/users\/2"}],"replies":[{"embeddable":true,"href":"https:\/\/martindesorsyn.it\/fr\/wp-json\/wp\/v2\/comments?post=1853"}],"version-history":[{"count":2,"href":"https:\/\/martindesorsyn.it\/fr\/wp-json\/wp\/v2\/pages\/1853\/revisions"}],"predecessor-version":[{"id":2223,"href":"https:\/\/martindesorsyn.it\/fr\/wp-json\/wp\/v2\/pages\/1853\/revisions\/2223"}],"wp:featuredmedia":[{"embeddable":true,"href":"https:\/\/martindesorsyn.it\/fr\/wp-json\/wp\/v2\/media\/120"}],"wp:attachment":[{"href":"https:\/\/martindesorsyn.it\/fr\/wp-json\/wp\/v2\/media?parent=1853"}],"curies":[{"name":"wp","href":"https:\/\/api.w.org\/{rel}","templated":true}]}}