{"id":1820,"date":"2024-08-22T16:02:30","date_gmt":"2024-08-22T16:02:30","guid":{"rendered":"https:\/\/martindesorsyn.it\/il-territorio\/"},"modified":"2025-03-17T09:11:50","modified_gmt":"2025-03-17T09:11:50","slug":"le-territoire","status":"publish","type":"page","link":"https:\/\/martindesorsyn.it\/fr\/le-territoire\/","title":{"rendered":"Le territoire"},"content":{"rendered":"","protected":false},"excerpt":{"rendered":"","protected":false},"author":2,"featured_media":663,"parent":0,"menu_order":0,"comment_status":"closed","ping_status":"closed","template":"templates\/template-territorio.php","meta":{"_acf_changed":false,"_seopress_robots_primary_cat":"","_seopress_titles_title":"Explorez le charme authentique du territoire des Orsyn","_seopress_titles_desc":"Explorez la beaut\u00e9 enchant\u00e9e de Martin de Sor\u00e9syn en France. Voyagez \u00e0 travers ses paysages uniques, riches en culture et histoire.","_seopress_robots_index":"","inline_featured_image":false,"footnotes":""},"class_list":["post-1820","page","type-page","status-publish","has-post-thumbnail","hentry"],"acf":[],"_links":{"self":[{"href":"https:\/\/martindesorsyn.it\/fr\/wp-json\/wp\/v2\/pages\/1820","targetHints":{"allow":["GET"]}}],"collection":[{"href":"https:\/\/martindesorsyn.it\/fr\/wp-json\/wp\/v2\/pages"}],"about":[{"href":"https:\/\/martindesorsyn.it\/fr\/wp-json\/wp\/v2\/types\/page"}],"author":[{"embeddable":true,"href":"https:\/\/martindesorsyn.it\/fr\/wp-json\/wp\/v2\/users\/2"}],"replies":[{"embeddable":true,"href":"https:\/\/martindesorsyn.it\/fr\/wp-json\/wp\/v2\/comments?post=1820"}],"version-history":[{"count":6,"href":"https:\/\/martindesorsyn.it\/fr\/wp-json\/wp\/v2\/pages\/1820\/revisions"}],"predecessor-version":[{"id":2228,"href":"https:\/\/martindesorsyn.it\/fr\/wp-json\/wp\/v2\/pages\/1820\/revisions\/2228"}],"wp:featuredmedia":[{"embeddable":true,"href":"https:\/\/martindesorsyn.it\/fr\/wp-json\/wp\/v2\/media\/663"}],"wp:attachment":[{"href":"https:\/\/martindesorsyn.it\/fr\/wp-json\/wp\/v2\/media?parent=1820"}],"curies":[{"name":"wp","href":"https:\/\/api.w.org\/{rel}","templated":true}]}}