{"id":1809,"date":"2024-08-07T13:50:58","date_gmt":"2024-08-07T13:50:58","guid":{"rendered":"https:\/\/martindesorsyn.it\/home\/"},"modified":"2025-03-17T09:09:06","modified_gmt":"2025-03-17T09:09:06","slug":"home","status":"publish","type":"page","link":"https:\/\/martindesorsyn.it\/fr\/","title":{"rendered":"Home"},"content":{"rendered":"","protected":false},"excerpt":{"rendered":"","protected":false},"author":2,"featured_media":1173,"parent":0,"menu_order":0,"comment_status":"closed","ping_status":"closed","template":"templates\/template-home.php","meta":{"_acf_changed":false,"_seopress_robots_primary_cat":"","_seopress_titles_title":"Martin Desorsyn : Designer Cr\u00e9atif et Innovant","_seopress_titles_desc":"D\u00e9couvrez Martin de Sorsyn, expert en solutions IT multilingues. Boostez votre strat\u00e9gie num\u00e9rique avec un savoir-faire innovant.","_seopress_robots_index":"","inline_featured_image":false,"footnotes":""},"class_list":["post-1809","page","type-page","status-publish","has-post-thumbnail","hentry"],"acf":[],"_links":{"self":[{"href":"https:\/\/martindesorsyn.it\/fr\/wp-json\/wp\/v2\/pages\/1809","targetHints":{"allow":["GET"]}}],"collection":[{"href":"https:\/\/martindesorsyn.it\/fr\/wp-json\/wp\/v2\/pages"}],"about":[{"href":"https:\/\/martindesorsyn.it\/fr\/wp-json\/wp\/v2\/types\/page"}],"author":[{"embeddable":true,"href":"https:\/\/martindesorsyn.it\/fr\/wp-json\/wp\/v2\/users\/2"}],"replies":[{"embeddable":true,"href":"https:\/\/martindesorsyn.it\/fr\/wp-json\/wp\/v2\/comments?post=1809"}],"version-history":[{"count":5,"href":"https:\/\/martindesorsyn.it\/fr\/wp-json\/wp\/v2\/pages\/1809\/revisions"}],"predecessor-version":[{"id":2226,"href":"https:\/\/martindesorsyn.it\/fr\/wp-json\/wp\/v2\/pages\/1809\/revisions\/2226"}],"wp:featuredmedia":[{"embeddable":true,"href":"https:\/\/martindesorsyn.it\/fr\/wp-json\/wp\/v2\/media\/1173"}],"wp:attachment":[{"href":"https:\/\/martindesorsyn.it\/fr\/wp-json\/wp\/v2\/media?parent=1809"}],"curies":[{"name":"wp","href":"https:\/\/api.w.org\/{rel}","templated":true}]}}