{"id":2090,"date":"2024-09-03T14:49:23","date_gmt":"2024-09-03T14:49:23","guid":{"rendered":"https:\/\/martindesorsyn.it\/cookie-policy\/"},"modified":"2025-06-26T15:48:23","modified_gmt":"2025-06-26T15:48:23","slug":"cookie-policy","status":"publish","type":"page","link":"https:\/\/martindesorsyn.it\/de\/cookie-policy\/","title":{"rendered":"Cookie Policy"},"content":{"rendered":"\n<p><\/p>\n\n\n\n<p><strong>Cookie Policy<\/strong><\/p>\n\n\n\n<p><strong>Ausf\u00fchrliche Informationen<\/strong><\/p>\n\n\n\n<p>Hausbrandt Trieste 1892 S.p.A., mit Sitz in Via Foscarini 52, Nervesa della Battaglia (TV), in seiner Eigenschaft als Verantwortlicher f\u00fcr die Verarbeitung Ihrer personenbezogenen Daten (im Folgenden \u201eDatenverantwortlicher\u201c genannt), gibt hiermit den vorliegenden Informationsvermerk in \u00dcbereinstimmung mit den europ\u00e4ischen und italienischen Vorschriften zum Schutz personenbezogener Daten heraus, um Sie \u00fcber die Zwecke und Modalit\u00e4ten der Verarbeitung der personenbezogenen Daten zu informieren, die Sie uns beim Besuch dieser Website (im Folgenden \u201eWebsite\u201c genannt) mitteilen.<\/p>\n\n\n\n<p>Bitte beachten Sie, dass sich diese Informationen nur auf die Website beziehen und nicht auf Websites von Dritten, die der Nutzer \u00fcber Links erreichen kann.<\/p>\n\n\n\n<p>Der Datenverantwortliche hat einen Datenschutzbeauftragten (DPO) ernannt, der unter folgender Adresse zu erreichen ist:&nbsp;<a href=\"mailto:dpo@hausbrandt.it\">dpo@hausbrandt.it<\/a>. Im Rahmen der folgenden Information ist der Begriff \u201eCookie\u201c so zu verstehen, dass er sich auch auf alle von der Website verwendeten Tracking-Tools erstreckt.<\/p>\n\n\n\n<p>Diese Erkl\u00e4rung ist integraler Bestandteil der Datenschutzpolitik der Website.&nbsp;<a href=\"https:\/\/www.hausbrandt.it\/de\/datenschutzerklarung\/\">https:\/\/www.hausbrandt.it\/de\/datenschutzerklarung\/<\/a><\/p>\n\n\n\n<p>Was sind Cookies?<\/p>\n\n\n\n<p>Ein Cookie ist eine kleine Datei, die an Ihren Browser gesendet und auf Ihrem Ger\u00e4t gespeichert wird, wenn Sie eine Website wie diese besuchen. Cookies erm\u00f6glichen es der Website, effizient zu funktionieren und ihre Leistung zu verbessern, dem Eigent\u00fcmer der Website Informationen f\u00fcr statistische oder werbetechnische Zwecke zur Verf\u00fcgung zu stellen und vor allem Ihr Surferlebnis zu personalisieren, indem Ihre Pr\u00e4ferenzen gespeichert werden. <\/p>\n\n\n\n<p>Cookies lassen sich im Allgemeinen in zwei Makrokategorien einteilen:<\/p>\n\n\n\n<ol style=\"list-style-type:lower-alpha\" class=\"wp-block-list\">\n<li>Technische Cookies, die ausschlie\u00dflich f\u00fcr die \u00dcbertragung einer Nachricht \u00fcber ein elektronisches Kommunikationsnetz verwendet werden, oder soweit dies f\u00fcr den Anbieter eines Dienstes der Informationsgesellschaft, der von der Vertragspartei oder dem Nutzer ausdr\u00fccklich zur Erbringung eines solchen Dienstes aufgefordert wird, unbedingt erforderlich ist; Analyse-Cookies, die zu statistischen Zwecken verwendet werden, sind technischen Cookies gleichgestellt, wenn sie unter bestimmten Bedingungen zur Erstellung von Gesamtstatistiken in Bezug auf eine einzelne Website oder mobile Anwendung verwendet werden, ohne dass die Zustimmung des Nutzers zu ihrer Verwendung erforderlich ist;<\/li>\n\n\n\n<li>Profilierungs-Cookies, die dazu bestimmt sind, bestimmte Handlungen oder Verhaltensmuster des Nutzers, die bei der Nutzung der angebotenen Funktionalit\u00e4ten auftreten, zuzuordnen, um ein spezifisches Profil zu erstellen, das f\u00fcr die Bereitstellung eines Dienstes in einer immer individuelleren Art und Weise verwendet werden kann, sowie um Werbebotschaften zu senden, die den vom Nutzer im Rahmen des Web-Browsing ge\u00e4u\u00dferten Pr\u00e4ferenzen entsprechen.<\/li>\n<\/ol>\n\n\n\n<p>Dar\u00fcber hinaus k\u00f6nnen alle Cookies auch in folgende Kategorien eingeteilt werden:<\/p>\n\n\n\n<ol style=\"list-style-type:lower-alpha\" class=\"wp-block-list\">\n<li>Sitzungscookies, wenn sie beim Schlie\u00dfen des Browsers gel\u00f6scht werden, oder<\/li>\n\n\n\n<li>dauerhafte Cookies, wenn sie f\u00fcr eine bestimmte Zeit im Browser verbleiben.<\/li>\n<\/ol>\n\n\n\n<p>\u00c4hnliche Zwecke k\u00f6nnen auch mit anderen Tracking-Instrumenten verfolgt werden, die \u2013 wie Cookies \u2013 in technische und nichttechnische Instrumente (im Allgemeinen kommerzieller oder werblicher Art) unterteilt werden k\u00f6nnen.<\/p>\n\n\n\n<p><strong>Die auf unserer Website verwendeten Cookies<\/strong><\/p>\n\n\n\n<p>Die Website verwendet die folgenden Cookies:<\/p>\n\n\n\n<script id=\"CookieDeclaration\" src=\"https:\/\/consent.cookiebot.com\/851c68ab-7902-4b59-aa12-31f567807e54\/cd.js\" type=\"text\/javascript\" async><\/script>\n\n\n\n<div style=\"height:24px\" aria-hidden=\"true\" class=\"wp-block-spacer\"><\/div>\n\n\n\n<ol style=\"list-style-type:lower-alpha\" class=\"wp-block-list\">\n<li><strong><u>Andere Social Network-Instrumente<\/u><\/strong><\/li>\n<\/ol>\n\n\n\n<p>Auf der Website gibt es auch soziale Plug-ins und Schaltfl\u00e4chen, die es Ihnen erm\u00f6glichen, durch Anklicken des Symbols die entsprechenden sozialen Netzwerke zu erreichen und Inhalte zu teilen oder Produkte der Website in sozialen Netzwerken zu empfehlen. Die sozialen Netzwerke k\u00f6nnen Daten \u00fcber Ihren Besuch auf der Website sammeln. Insbesondere f\u00fcr das Facebook-Plug-in fungieren der Datenverantwortliche und Facebook Ireland Ltd, 4 Grand Canal Square, Grand Canal Harbour, Dublin 2, Irland, als gemeinsam f\u00fcr die Verarbeitung Verantwortliche. Sie k\u00f6nnen die Datenschutzrichtlinie von Facebook unter folgendem Link einsehen:&nbsp;<a href=\"https:\/\/www.facebook.com\/privacy\/explanation\">https:\/\/www.facebook.com\/privacy\/explanation<\/a>. Sie k\u00f6nnen sich schriftlich an uns wenden, um den wesentlichen Inhalt der Mitverarbeitungsvereinbarung zu erfahren.<\/p>\n\n\n\n<p><strong>Art der Bereitstellung personenbezogener Daten und Folgen im Falle einer Ablehnung<\/strong><\/p>\n\n\n\n<p>Die vom f\u00fcr die Verarbeitung Verantwortlichen verwendeten technischen Cookies sind f\u00fcr die Nutzung der Website und ihrer Dienste erforderlich, weshalb ihre Installation und Verwendung nicht Ihrer vorherigen Zustimmung bedarf. Sie k\u00f6nnen technische Cookies \u00fcber die im folgenden Abschnitt angegebenen Optionen Ihres Browsers verwalten und deaktivieren.<\/p>\n\n\n\n<p>Profiling-Cookies werden von dem f\u00fcr die Verarbeitung Verantwortlichen ausschlie\u00dflich dann installiert und verwendet, wenn Sie Ihre Zustimmung gegeben haben. Sie k\u00f6nnen Ihre Einstellungen jederzeit \u00fcber die im folgenden Abschnitt angegebenen Optionen Ihres Browsers oder direkt \u00fcber das auf dieser Webseite verf\u00fcgbare Verwaltungsfeld \u00e4ndern.<\/p>\n\n\n\n<p>Die Deaktivierung von technischen Cookies hindert Sie nicht daran, die Website zu besuchen, kann aber dazu f\u00fchren, dass bestimmte Teile oder Dienste der Website nicht oder nicht richtig funktionieren. Die Verweigerung der Zustimmung oder die Deaktivierung von Profilierungs-Cookies verhindert nicht die Nutzung der Website und den Zugang zu ihren Diensten.<\/p>\n\n\n\n<p><strong>Aktivieren und Deaktivieren von Cookies \u00fcber den Browser<\/strong><\/p>\n\n\n\n<p>Die meisten Browser sind so konfiguriert, dass sie \u00fcber ihre Einstellungen Cookies akzeptieren, kontrollieren oder m\u00f6glicherweise deaktivieren. Bitte beachten Sie jedoch, dass die Deaktivierung von Navigations- oder Funktions-Cookies dazu f\u00fchren kann, dass die Website nicht ordnungsgem\u00e4\u00df funktioniert und\/oder der von uns angebotene Service eingeschr\u00e4nkt wird.<\/p>\n\n\n\n<p>Nachfolgend finden Sie eine Anleitung zur Verwaltung von Cookies in den folgenden Browsern:<\/p>\n\n\n\n<p>Internet Explorer: <a><\/a><a href=\"https:\/\/support.microsoft.com\/it-it\/windows\/eliminare-e-gestire-i-cookie-168dab11-0753-043d-7c16-ede5947fc64d\">https:\/\/support.microsoft.com\/it-it\/windows\/eliminare-e-gestire-i-cookie-168dab11-0753-043d-7c16-ede5947fc64d<\/a><\/p>\n\n\n\n<p>Safari: <a href=\"https:\/\/support.apple.com\/it-it\/guide\/safari\/sfri11471\/mac\">https:\/\/support.apple.com\/it-it\/guide\/safari\/sfri11471\/mac<\/a><\/p>\n\n\n\n<p>Chrome: <a href=\"https:\/\/support.google.com\/chrome\/answer\/95647?hl=it-IT&amp;hlrm=fr&amp;hlrm=en\">https:\/\/support.google.com\/chrome\/answer\/95647?hl=it-IT&amp;hlrm=fr&amp;hlrm=en<\/a><\/p>\n\n\n\n<p>Microsoft Edge: <a href=\"https:\/\/support.microsoft.com\/it-it\/help\/4468242\/microsoft-edge-browsing-data-and-privacy-microsoft-privacy\">https:\/\/support.microsoft.com\/it-it\/help\/4468242\/microsoft-edge-browsing-data-and-privacy-microsoft-privacy<\/a><\/p>\n\n\n\n<p>Firefox: <a href=\"https:\/\/support.mozilla.org\/it\/kb\/Gestione%20dei%20cookie\">https:\/\/support.mozilla.org\/it\/kb\/Gestione%20dei%20cookie<\/a><\/p>\n","protected":false},"excerpt":{"rendered":"<p>Cookie Policy Ausf\u00fchrliche Informationen Hausbrandt Trieste 1892 S.p.A., mit Sitz in Via Foscarini 52, Nervesa della Battaglia (TV), in seiner [&hellip;]<\/p>\n","protected":false},"author":2,"featured_media":0,"parent":0,"menu_order":0,"comment_status":"closed","ping_status":"closed","template":"template-policy.php","meta":{"_acf_changed":false,"_seopress_robots_primary_cat":"","_seopress_titles_title":"Hausbrandt Cookie-Richtlinie: Datenschutz verstehen","_seopress_titles_desc":"Erfahren Sie alles \u00fcber Cookies: Speicherung, Sicherheit & person. Surf-Erfahrung auf der Hausbrandt-Website. Datenschutzerkl\u00e4rung inklusive.","_seopress_robots_index":"","inline_featured_image":false,"footnotes":""},"class_list":["post-2090","page","type-page","status-publish","hentry"],"acf":[],"_links":{"self":[{"href":"https:\/\/martindesorsyn.it\/de\/wp-json\/wp\/v2\/pages\/2090","targetHints":{"allow":["GET"]}}],"collection":[{"href":"https:\/\/martindesorsyn.it\/de\/wp-json\/wp\/v2\/pages"}],"about":[{"href":"https:\/\/martindesorsyn.it\/de\/wp-json\/wp\/v2\/types\/page"}],"author":[{"embeddable":true,"href":"https:\/\/martindesorsyn.it\/de\/wp-json\/wp\/v2\/users\/2"}],"replies":[{"embeddable":true,"href":"https:\/\/martindesorsyn.it\/de\/wp-json\/wp\/v2\/comments?post=2090"}],"version-history":[{"count":3,"href":"https:\/\/martindesorsyn.it\/de\/wp-json\/wp\/v2\/pages\/2090\/revisions"}],"predecessor-version":[{"id":2349,"href":"https:\/\/martindesorsyn.it\/de\/wp-json\/wp\/v2\/pages\/2090\/revisions\/2349"}],"wp:attachment":[{"href":"https:\/\/martindesorsyn.it\/de\/wp-json\/wp\/v2\/media?parent=2090"}],"curies":[{"name":"wp","href":"https:\/\/api.w.org\/{rel}","templated":true}]}}