{"id":1897,"date":"2024-08-23T15:16:20","date_gmt":"2024-08-23T15:16:20","guid":{"rendered":"https:\/\/martindesorsyn.it\/contatti\/"},"modified":"2026-01-07T08:45:59","modified_gmt":"2026-01-07T08:45:59","slug":"kontakte","status":"publish","type":"page","link":"https:\/\/martindesorsyn.it\/de\/kontakte\/","title":{"rendered":"Kontakte"},"content":{"rendered":"","protected":false},"excerpt":{"rendered":"","protected":false},"author":2,"featured_media":726,"parent":0,"menu_order":0,"comment_status":"closed","ping_status":"closed","template":"templates\/template-contatti.php","meta":{"_acf_changed":false,"_seopress_robots_primary_cat":"","_seopress_titles_title":"Kontakte von Martindesorsyn: Pers\u00f6nlich & Direkt","_seopress_titles_desc":"Verbinden Sie sich mit Martin Deorsyn! Entdecken Sie unsere Kontaktm\u00f6glichkeiten und starten Sie Ihre n\u00e4chste Zusammenarbeit. Jetzt kontaktieren!","_seopress_robots_index":"","inline_featured_image":false,"footnotes":""},"class_list":["post-1897","page","type-page","status-publish","has-post-thumbnail","hentry"],"acf":[],"_links":{"self":[{"href":"https:\/\/martindesorsyn.it\/de\/wp-json\/wp\/v2\/pages\/1897","targetHints":{"allow":["GET"]}}],"collection":[{"href":"https:\/\/martindesorsyn.it\/de\/wp-json\/wp\/v2\/pages"}],"about":[{"href":"https:\/\/martindesorsyn.it\/de\/wp-json\/wp\/v2\/types\/page"}],"author":[{"embeddable":true,"href":"https:\/\/martindesorsyn.it\/de\/wp-json\/wp\/v2\/users\/2"}],"replies":[{"embeddable":true,"href":"https:\/\/martindesorsyn.it\/de\/wp-json\/wp\/v2\/comments?post=1897"}],"version-history":[{"count":8,"href":"https:\/\/martindesorsyn.it\/de\/wp-json\/wp\/v2\/pages\/1897\/revisions"}],"predecessor-version":[{"id":2387,"href":"https:\/\/martindesorsyn.it\/de\/wp-json\/wp\/v2\/pages\/1897\/revisions\/2387"}],"wp:featuredmedia":[{"embeddable":true,"href":"https:\/\/martindesorsyn.it\/de\/wp-json\/wp\/v2\/media\/726"}],"wp:attachment":[{"href":"https:\/\/martindesorsyn.it\/de\/wp-json\/wp\/v2\/media?parent=1897"}],"curies":[{"name":"wp","href":"https:\/\/api.w.org\/{rel}","templated":true}]}}