{"id":1854,"date":"2024-08-09T09:40:45","date_gmt":"2024-08-09T09:40:45","guid":{"rendered":"https:\/\/martindesorsyn.it\/gli-champagne\/"},"modified":"2025-03-17T09:22:56","modified_gmt":"2025-03-17T09:22:56","slug":"unsere-champagner","status":"publish","type":"page","link":"https:\/\/martindesorsyn.it\/de\/unsere-champagner\/","title":{"rendered":"Champagne"},"content":{"rendered":"","protected":false},"excerpt":{"rendered":"","protected":false},"author":2,"featured_media":121,"parent":0,"menu_order":0,"comment_status":"closed","ping_status":"closed","template":"templates\/template-champagne.php","meta":{"_acf_changed":false,"_seopress_robots_primary_cat":"","_seopress_titles_title":"Exklusiver Champagner von Martin de Sor","_seopress_titles_desc":"Erleben Sie exquisite Champagner von Martin Desorsyn. Eintauchen in Premium-Qualit\u00e4t und edle Traditionen. Perfekt f\u00fcr besondere Anl\u00e4sse!","_seopress_robots_index":"","inline_featured_image":false,"footnotes":""},"class_list":["post-1854","page","type-page","status-publish","has-post-thumbnail","hentry"],"acf":[],"_links":{"self":[{"href":"https:\/\/martindesorsyn.it\/de\/wp-json\/wp\/v2\/pages\/1854","targetHints":{"allow":["GET"]}}],"collection":[{"href":"https:\/\/martindesorsyn.it\/de\/wp-json\/wp\/v2\/pages"}],"about":[{"href":"https:\/\/martindesorsyn.it\/de\/wp-json\/wp\/v2\/types\/page"}],"author":[{"embeddable":true,"href":"https:\/\/martindesorsyn.it\/de\/wp-json\/wp\/v2\/users\/2"}],"replies":[{"embeddable":true,"href":"https:\/\/martindesorsyn.it\/de\/wp-json\/wp\/v2\/comments?post=1854"}],"version-history":[{"count":2,"href":"https:\/\/martindesorsyn.it\/de\/wp-json\/wp\/v2\/pages\/1854\/revisions"}],"predecessor-version":[{"id":2233,"href":"https:\/\/martindesorsyn.it\/de\/wp-json\/wp\/v2\/pages\/1854\/revisions\/2233"}],"wp:featuredmedia":[{"embeddable":true,"href":"https:\/\/martindesorsyn.it\/de\/wp-json\/wp\/v2\/media\/121"}],"wp:attachment":[{"href":"https:\/\/martindesorsyn.it\/de\/wp-json\/wp\/v2\/media?parent=1854"}],"curies":[{"name":"wp","href":"https:\/\/api.w.org\/{rel}","templated":true}]}}